{"id":18,"date":"2025-09-16T06:43:00","date_gmt":"2025-09-16T04:43:00","guid":{"rendered":"http:\/\/mocny-umysl.pl\/?page_id=18"},"modified":"2026-01-10T22:58:46","modified_gmt":"2026-01-10T21:58:46","slug":"warsztatyonline-adamkrasowski-mocnyumysl","status":"publish","type":"page","link":"https:\/\/mocny-umysl.pl\/","title":{"rendered":"MOCNY UMYS\u0141 PRO &#8211; 2026 &#8211; 11 EDYCJA ( nowo\u015b\u0107\u00a0)"},"content":{"rendered":"<p>[et_pb_section fb_built=&#8221;1&#8243; admin_label=&#8221;Header&#8221; _builder_version=&#8221;3.22&#8243; background_color=&#8221;#1a1844&#8243; use_background_color_gradient=&#8221;on&#8221; background_color_gradient_start=&#8221;#2b3ea0&#8243; background_color_gradient_end=&#8221;#1a1844&#8243; background_color_gradient_type=&#8221;radial&#8221; background_color_gradient_direction_radial=&#8221;top right&#8221; background_color_gradient_end_position=&#8221;45%&#8221; background_image=&#8221;https:\/\/mocny-umysl.pl\/wp-content\/uploads\/2021\/06\/podcast-01.png&#8221; parallax=&#8221;on&#8221; custom_padding=&#8221;0vw||0||false|false&#8221; background_size__hover=&#8221;cover&#8221; background_size__hover_enabled=&#8221;cover&#8221;][et_pb_row _builder_version=&#8221;3.25&#8243; use_background_color_gradient=&#8221;on&#8221; background_color_gradient_start=&#8221;rgba(26,24,68,0)&#8221; background_color_gradient_end=&#8221;#1a1844&#8243; background_color_gradient_overlays_image=&#8221;on&#8221; background_image=&#8221;https:\/\/mocny-umysl.pl\/wp-content\/uploads\/2021\/06\/podcast-02-1.png&#8221; background_position=&#8221;top_center&#8221; width=&#8221;100%&#8221; max_width=&#8221;100%&#8221; custom_padding=&#8221;|10%||10%||true&#8221; animation_style=&#8221;slide&#8221; animation_direction=&#8221;bottom&#8221; animation_intensity_slide=&#8221;1%&#8221; use_custom_width=&#8221;on&#8221; width_unit=&#8221;off&#8221; custom_width_percent=&#8221;100%&#8221;][et_pb_column type=&#8221;4_4&#8243; _builder_version=&#8221;3.25&#8243; custom_padding=&#8221;|||&#8221; custom_padding__hover=&#8221;|||&#8221;][et_pb_text _builder_version=&#8221;4.9.7&#8243; text_font=&#8221;||||||||&#8221; text_font_size=&#8221;20px&#8221; text_line_height=&#8221;1.8em&#8221; header_font=&#8221;Lato|900|||||||&#8221; header_font_size=&#8221;82px&#8221; header_letter_spacing=&#8221;1px&#8221; header_line_height=&#8221;1.2em&#8221; header_4_font=&#8221;Raleway|||on|||||&#8221; header_4_font_size=&#8221;22px&#8221; header_4_letter_spacing=&#8221;4px&#8221; header_4_line_height=&#8221;1.6em&#8221; text_orientation=&#8221;center&#8221; background_layout=&#8221;dark&#8221; max_width=&#8221;800px&#8221; module_alignment=&#8221;center&#8221; text_font_size_tablet=&#8221;&#8221; text_font_size_phone=&#8221;14px&#8221; text_font_size_last_edited=&#8221;on|desktop&#8221; header_font_size_tablet=&#8221;62px&#8221; header_font_size_phone=&#8221;38px&#8221; header_font_size_last_edited=&#8221;on|phone&#8221; inline_fonts=&#8221;Abhaya Libre&#8221;]<\/p>\n<p><strong>MOCNY UMYS\u0141\u00a0<\/strong><strong><br \/><span style=\"color: #edf000; font-size: xx-large;\"><br \/>11 EDYCJA : PRO<\/span><\/strong><\/p>\n<p><strong><span style=\"font-size: large;\">Proces Ca\u0142kowitej <\/span><br \/><span style=\"font-size: large;\">&#8211; maksymalnej nauki Dyscypliny i Koncentracji Umys\u0142u<\/span><br \/><span style=\"font-size: large;\">trwa 4 miesi\u0105ce<\/span><\/strong><\/p>\n<p><strong> <\/strong><\/p>\n<p><strong><span style=\"font-size: xx-large;\"><\/span><\/strong><\/p>\n<p><span style=\"font-size: medium; color: #edf000;\"><strong><span style=\"font-family: Verdana;\">REZULTATY <\/span><\/strong><\/span><br \/><span style=\"font-size: medium;\"><strong><span style=\"font-family: Verdana;\"><span style=\"color: #edf000;\">zamiast WYM\u00d3WEK<\/span>\u00a0<\/span><\/strong><\/span><br \/><span style=\"font-size: medium;\"><strong><span style=\"font-family: Verdana;\">gdy Tw\u00f3j umys\u0142 zostanie poddany\u00a0<\/span><\/strong><\/span><br \/><span style=\"font-size: medium;\"><strong><span style=\"font-family: Verdana;\">w\u0142a\u015bciwemu treningowi\u00a0<\/span><\/strong><\/span><br \/><span style=\"font-size: medium;\"><strong><span style=\"font-family: Verdana;\">gdy wybierze wyzwanie \/ problem \u00a0&#8211; ca\u0142a pod\u015bwiadomo\u015b\u0107 szuka wy\u0142\u0105cznie rozwi\u0105za\u0144\u00a0<\/span><\/strong><\/span><br \/><span style=\"font-size: medium;\"><strong><span style=\"font-family: Verdana;\"><br \/>Proces Treningowy przeznaczony dla Pozytywnych Optymist\u00f3w<br \/>Os\u00f3b, kt\u00f3re poprzez POZYTYWN\u0104 ENERGI\u0118 I MOC DUCHOW\u0104 KREATYWNO\u015aCI\u00a0<br \/>CHC\u0104 BRA\u0106 NA SIEBIE BUDOWANIE POZYTYWNEJ PRZYSZ\u0141O\u015aCI TEGO \u015aWIATA !\u00a0<br \/>Umys\u0142 to najwspanialsze narz\u0119dzie Tw\u00f3rcze\u00a0<br \/>W\u0142a\u015bciwe zarz\u0105dzanie Umys\u0142em jest kluczem wszystkiego w naszym \u017cyciu<\/span><\/strong><\/span><\/p>\n<p><strong> <\/strong><\/p>\n<p><strong><\/strong><span style=\"font-size: medium;\"><strong><span style=\"font-family: Verdana;\"><\/span><\/strong><\/span><\/p>\n<p><span style=\"font-size: x-large;\"><\/span><\/p>\n<p>&nbsp;<\/p>\n<p><strong>Start : Stycze\u0144 2026 <\/strong><br \/><strong>Online plus Stacjonarne \u00a0<\/strong><\/p>\n<p><strong><span style=\"font-size: xx-large;\"><\/span><\/strong><\/p>\n<p><span style=\"font-size: xx-large;\"><strong><span style=\"font-size: medium;\"><\/span><\/strong><\/span><\/p>\n<p><span style=\"font-size: xx-large;\"><strong><span style=\"font-size: medium;\">Intensywne &#8211; BARDZO zaawansowane<br \/>Zaj\u0119cia coachingowe Uwalniania,<br \/>BEZWZGL\u0118DNEJ transformacji oraz rozwoju \u015bwiadomo\u015bci<br \/>\u00a0ONLINE plus stacjonarnie (dla ch\u0119tnych )<\/span><\/strong><\/span><\/p>\n<p><strong><\/strong><\/p>\n<p><strong>\u015awiadome tworzenie\u00a0zamiast reagowania.<br \/>Omawiamy wszystkie\u00a0podstawy przedsi\u0119biorczo\u015bci<br \/>oraz dodatkowo :<br \/>Zaawansowane lekcje zarabiania pieni\u0119dzy ( w gospodarce 21 wieku )<\/strong><\/p>\n<p>&nbsp;<\/p>\n<p>Zaj\u0119cia w bardzo wymagaj\u0105cej formie<br \/>&#8220;Coachingowo &#8211; Mentoringowej&#8221;.<br \/>To nie s\u0105 zaj\u0119cia &#8220;intelektualne&#8221; tylko DO\u015aWIADCZALNE<br \/>&#8211; nie tylko uczysz si\u0119 praktycznej, rozs\u0105dnej, prawdziwej wiedzy kt\u00f3ra prowadzi do ogromnych rezultat\u00f3w &#8211; trenujesz umys\u0142 w jej wykorzystaniu.<br \/>Uczysz umys\u0142 tego aby by\u0142 EFEKTYWNY I MOCNY<\/p>\n<p>&nbsp;<\/p>\n<p>Aby przekroczy\u0107 blokady ego &#8211; trzeba stawi\u0107 im czo\u0142a &#8211; odkry\u0107 je &#8211; do\u015bwiadczy\u0107 ich !<br \/>Co nie jest przyjemne dla ego &#8211; ale niezb\u0119dne aby mie\u0107 konkretne, mierzalne efekty !<\/p>\n<p>&nbsp;<\/p>\n<p>&nbsp;<\/p>\n<p><span style=\"font-size: xx-large;\">start 11 EDYCJI : <\/span><br \/><strong><span style=\"font-size: xx-large;\">\u00a0<\/span><\/strong><\/p>\n<p><strong><span style=\"font-size: xx-large;\">STYCZE\u0143 2026<\/span><\/strong><\/p>\n<p><strong><span style=\"font-size: xx-large;\"><\/span><\/strong><\/p>\n<p><em><strong>ZAJ\u0118CIA NIEZB\u0118DNE DLA OS\u00d3B, KT\u00d3RE<\/strong><\/em><br \/><em><strong>ZACZYNAJ\u0104 LUB ZAMIERZAJ\u0104 BY\u0106 PRZEDSI\u0118BIORCAMI B\u0104D\u0179<br \/>WYBRA\u0141Y MIE\u0106 W TYM \u017bYCIU KONKRETNE REZULTATY zamiast wym\u00f3wek<\/strong><\/em><\/p>\n<p><span style=\"color: #ff1919;\"><span style=\"caret-color: #ff1919;\"><br \/><span style=\"color: #ffffff;\"><strong>STYCZE\u0143 &#8211; KWIECIE\u0143 2026 \u00a0<\/strong><\/span><br \/><span style=\"color: #ffffff;\"><strong>( online plus stacjonarne )<\/strong><\/span><\/span><\/span><\/p>\n<p>Proces trwa 4 miesi\u0119cy<br \/>2 x Spotkania online w miesi\u0105cu :<br \/>Wtorek : od 18.00 do oko\u0142o 22.00 ( oraz inne dodatkowe )<\/p>\n<p>2 Spotkania stacjonarne<br \/>( dla ch\u0119tnych &#8211; tylko w formie stacjonarnej w Warszawie )<br \/>MARZEC i MAJ 2026<\/p>\n<p>Mi\u0119dzy spotkaniami &#8211; <span style=\"text-decoration: underline;\">konieczno\u015b\u0107<\/span> przesy\u0142ania raport\u00f3w z wykonanych zada\u0144 i \u0107wicze\u0144.<\/p>\n<p>Rekomendacja u\u017cywania aplikacji Google Meet \u00a0z w\u0142\u0105czon\u0105 kamer\u0105 w trakcie spotka\u0144<\/p>\n<p>Ka\u017cde spotkanie nagrywane (audio) plus dodatkowe \u0107wiczenia<br \/>(nagrania oraz materia\u0142y)<\/p>\n<p>UWAGA: ZAJ\u0118CIA BARDZO ZAAWANSOWANE !<\/p>\n<p><strong><span style=\"color: #edf000;\">W formie prowokatywnej z bardzo zaawansowan\u0105<\/span><\/strong><br \/><strong><span style=\"color: #edf000;\">form\u0105 kasowania fa\u0142szywych przekona\u0144 !<br \/>( tak\u017ce bardzo negatywnych program\u00f3w religijnych, kt\u00f3re sabotuj\u0105 i powoduj\u0105 cierpienie finansowe wielu os\u00f3b w Polsce )\u00a0<\/span><\/strong><\/p>\n<p><span style=\"font-size: 20px;\">Twoja inwestycja w proces, w kt\u00f3ry poka\u017ce Ci ca\u0142\u0105 prawd\u0119 na Tw\u00f3j temat i da Ci &#8220;maksymalny duchowy, umys\u0142owy i emocjonalny&#8221; wycisk to czas plus :\u00a0<\/span><\/p>\n<p><strong>\u00a0890 z\u0142 brutto (z VAT) \/ m-sc ( online )<br \/><\/strong><br \/>Bior\u0105c udzia\u0142 w procesie 11 Edycji\u00a0<br \/>otrzymujesz mo\u017cliwo\u015b\u0107 wzi\u0119cia udzia\u0142u\u00a0<br \/>w dodatkowych spotkaniach stacjonarnych w Warszawie ( dla ch\u0119tnych )\u00a0<br \/>( 699 z\u0142 brutto \/ spotkanie \/ ca\u0142y Sobotni dzie\u0144 treningowy z Adamem )<\/p>\n<p><span style=\"font-size: small;\"><\/span><\/p>\n<p><span style=\"font-size: small;\"><\/span><\/p>\n<p><span style=\"font-size: small;\">( ca\u0142a edycja trwa 4 miesi\u0105ce- \u00a0mo\u017cna zg\u0142osi\u0107 si\u0119 wy\u0142\u0105cznie na ca\u0142\u0105 edycj\u0119<\/span><br \/><span style=\"font-size: small;\"> &#8211; je\u017celi rozwa\u017casz nawet opcj\u0119 &#8220;rezygnacji&#8221; w trakcie &#8211; nie zg\u0142aszaj si\u0119\u00a0<\/span><br \/><span style=\"font-size: small;\"> &#8211; wytrwa\u0142o\u015b\u0107 w postanowieniach jest cz\u0119\u015bci\u0105 procesu coachingowego<\/span><br \/><span style=\"font-size: small;\"> &#8211; umys\u0142, kt\u00f3ry poprzez &#8220;wym\u00f3wki&#8221;- poddaje si\u0119 przed realizacj\u0105 celu<\/span><br \/><span style=\"font-size: small;\"> &#8211; nie nadaje si\u0119 do odpowiedzialno\u015bci za najbardziej ambitne i wymagaj\u0105ce profesjonalne zadania tego \u015bwiata )<\/span><\/p>\n<p><span style=\"font-size: small;\"><\/span><\/p>\n<p><span style=\"font-size: small;\"><\/span><\/p>\n<p>Decyduje kolejno\u015b\u0107 zg\u0142osze\u0144. Ograniczona ilo\u015b\u0107 miejsc.<\/p>\n<p>&nbsp;<\/p>\n<p>[\/et_pb_text][\/et_pb_column][\/et_pb_row][\/et_pb_section][et_pb_section fb_built=&#8221;1&#8243; admin_label=&#8221;CTAs&#8221; _builder_version=&#8221;3.22&#8243; background_color=&#8221;#1a1844&#8243; custom_padding=&#8221;0|0px|54px|0px|false|false&#8221;][et_pb_row _builder_version=&#8221;3.25&#8243;][et_pb_column type=&#8221;4_4&#8243; _builder_version=&#8221;3.25&#8243; custom_padding=&#8221;|||&#8221; custom_padding__hover=&#8221;|||&#8221;][et_pb_button button_url=&#8221;mailto:biuro@adamkrasowski.pl&#8221; url_new_window=&#8221;on&#8221; button_text=&#8221;ZG\u0141OSZENIA: biuro@adamkrasowski.pl&#8221; button_alignment=&#8221;center&#8221; _builder_version=&#8221;4.9.7&#8243; custom_button=&#8221;on&#8221; button_text_size=&#8221;14px&#8221; button_bg_color=&#8221;#fe4943&#8243; button_border_color=&#8221;rgba(0,0,0,0)&#8221; button_letter_spacing=&#8221;4px&#8221; button_font=&#8221;Raleway|700||on|||||&#8221; background_layout=&#8221;dark&#8221; custom_padding=&#8221;18px|200px|18px|200px|true|true&#8221; custom_padding_tablet=&#8221;&#8221; custom_padding_phone=&#8221;|50px||50px||true&#8221; custom_padding_last_edited=&#8221;on|phone&#8221; button_text_size__hover_enabled=&#8221;off&#8221; button_one_text_size__hover_enabled=&#8221;off&#8221; button_two_text_size__hover_enabled=&#8221;off&#8221; button_text_color__hover_enabled=&#8221;off&#8221; button_one_text_color__hover_enabled=&#8221;off&#8221; button_two_text_color__hover_enabled=&#8221;off&#8221; button_border_width__hover_enabled=&#8221;off&#8221; button_one_border_width__hover_enabled=&#8221;off&#8221; button_two_border_width__hover_enabled=&#8221;off&#8221; button_border_color__hover_enabled=&#8221;off&#8221; button_one_border_color__hover_enabled=&#8221;off&#8221; button_two_border_color__hover_enabled=&#8221;off&#8221; button_border_radius__hover_enabled=&#8221;off&#8221; button_one_border_radius__hover_enabled=&#8221;off&#8221; button_two_border_radius__hover_enabled=&#8221;off&#8221; button_letter_spacing__hover_enabled=&#8221;off&#8221; button_one_letter_spacing__hover_enabled=&#8221;off&#8221; button_two_letter_spacing__hover_enabled=&#8221;off&#8221; button_bg_color__hover_enabled=&#8221;off&#8221; button_one_bg_color__hover_enabled=&#8221;off&#8221; button_two_bg_color__hover_enabled=&#8221;off&#8221;][\/et_pb_button][et_pb_text _builder_version=&#8221;4.9.7&#8243; _module_preset=&#8221;default&#8221; inline_fonts=&#8221;Imprima,Verdana&#8221;]<span style=\"color: #ffffff;\">TEMATYKA ZAJ\u0118\u0106 :\u00a0<\/span><\/p>\n<p><span style=\"color: #ffffff;\">1. CELE a\u00a0POD\u015aWIADOMO\u015a\u0106 &#8211;\u00a0Efektywny proces realizacji cel\u00f3w. \u00a0<\/span><\/p>\n<p><span style=\"color: #ffffff;\">2. Ca\u0142a prawda o umy\u015ble, jego roli i wp\u0142ywie na ka\u017cdy obszar Twojego \u017cycia. Zasady duchowej dyscypliny.\u00a0<\/span><\/p>\n<p style=\"text-align: left;\"><span style=\"color: #ffffff;\">3. BY\u0106 PRZEDSI\u0118BIORC\u0104 = WPROWADZENIE DLA OS\u00d3B, KT\u00d3RE S\u0104 LUB CHC\u0104 BY\u0106 PRZEDSI\u0118BIORCAMI ( jakie blokady trzeba skasowa\u0107 aby mie\u0107 efekty zamiast wym\u00f3wek )<br \/>\n<\/span><\/p>\n<p><span style=\"color: #ffffff;\">4. DYSCYPLINA UMYS\u0141U<\/span><\/p>\n<p><span style=\"color: #ffffff;\">5. KONCENTRACJA UWAGI<\/span><\/p>\n<p><span style=\"color: #ffffff;\">6. EFEKTYWNE DZIA\u0141ANIE a EMOCJE. EMOCJE W BIZNESIE &#8211; Ca\u0142a prawda.\u00a0<\/span><\/p>\n<p><span style=\"color: #ffffff;\">7.\u00a0SPRZEDA\u017b\u00a0&#8211; EKSPRESJA Siebie w \u015awiecie bez l\u0119ku, wstydu, oporu i wycofania<\/span><\/p>\n<p><span style=\"color: #ffffff;\">8. BUDOWANIE RELACJI Z LUD\u0179MI<\/span><\/p>\n<p><span style=\"color: #ffffff;\">9. EFEKTYWNA KOMUNIKACJA\u00a0<\/span><\/p>\n<p><span style=\"color: #ffffff;\">10. PRZYW\u00d3DZTWO\u00a0<\/span><\/p>\n<p><span style=\"color: #ffffff;\">11. ODPOWIEDZIALNO\u015a\u0106<\/span><\/p>\n<p><span style=\"color: #ffffff;\">12. SPOK\u00d3J WEWN\u0118TRZNY POMIMO WYZWA\u0143 I &#8220;PRESJI&#8221; \u015aWIATA ZEWN\u0118TRZNEGO\u00a0<\/span><\/p>\n<p><span style=\"color: #ffffff;\">13. ZARABIANIE PIENI\u0118DZY \/ TWORZENIE OBFITO\u015aCI<\/span><\/p>\n<p><span style=\"color: #ffffff;\">14. SUKCES &#8211; \u015awiadomo\u015b\u0107 Sukcesu dla ZAAWANSOWANYCH<br \/>\n<\/span><\/p>\n<p><span style=\"color: #ffffff;\">i inne \u00a0!<\/span>[\/et_pb_text][\/et_pb_column][\/et_pb_row][\/et_pb_section][et_pb_section fb_built=&#8221;1&#8243; admin_label=&#8221;About&#8221; _builder_version=&#8221;4.9.7&#8243; background_color=&#8221;#1a1844&#8243; background_image=&#8221;https:\/\/mocny-umysl.pl\/wp-content\/uploads\/2021\/06\/podcast-03.png&#8221; background_size=&#8221;contain&#8221; background_position=&#8221;top_left&#8221; custom_padding=&#8221;|||&#8221;][et_pb_row disabled_on=&#8221;on|on|on&#8221; _builder_version=&#8221;4.9.7&#8243; _module_preset=&#8221;default&#8221; custom_margin=&#8221;|auto||657px||&#8221; disabled=&#8221;on&#8221;][et_pb_column type=&#8221;4_4&#8243; _builder_version=&#8221;4.9.7&#8243; _module_preset=&#8221;default&#8221;][\/et_pb_column][\/et_pb_row][\/et_pb_section]<\/p>\n","protected":false},"excerpt":{"rendered":"<p>[et_pb_section fb_built=&#8221;1&#8243; admin_label=&#8221;Header&#8221; _builder_version=&#8221;3.22&#8243; background_color=&#8221;#1a1844&#8243; use_background_color_gradient=&#8221;on&#8221; background_color_gradient_start=&#8221;#2b3ea0&#8243; background_color_gradient_end=&#8221;#1a1844&#8243; background_color_gradient_type=&#8221;radial&#8221; background_color_gradient_direction_radial=&#8221;top right&#8221; background_color_gradient_end_position=&#8221;45%&#8221; background_image=&#8221;https:\/\/mocny-umysl.pl\/wp-content\/uploads\/2021\/06\/podcast-01.png&#8221; parallax=&#8221;on&#8221; custom_padding=&#8221;0vw||0||false|false&#8221; background_size__hover=&#8221;cover&#8221; background_size__hover_enabled=&#8221;cover&#8221;][et_pb_row _builder_version=&#8221;3.25&#8243; use_background_color_gradient=&#8221;on&#8221; background_color_gradient_start=&#8221;rgba(26,24,68,0)&#8221; background_color_gradient_end=&#8221;#1a1844&#8243; background_color_gradient_overlays_image=&#8221;on&#8221; background_image=&#8221;https:\/\/mocny-umysl.pl\/wp-content\/uploads\/2021\/06\/podcast-02-1.png&#8221; background_position=&#8221;top_center&#8221; width=&#8221;100%&#8221; max_width=&#8221;100%&#8221; custom_padding=&#8221;|10%||10%||true&#8221; animation_style=&#8221;slide&#8221; animation_direction=&#8221;bottom&#8221; animation_intensity_slide=&#8221;1%&#8221; use_custom_width=&#8221;on&#8221; width_unit=&#8221;off&#8221; custom_width_percent=&#8221;100%&#8221;][et_pb_column type=&#8221;4_4&#8243; _builder_version=&#8221;3.25&#8243; custom_padding=&#8221;|||&#8221; custom_padding__hover=&#8221;|||&#8221;][et_pb_text _builder_version=&#8221;4.9.7&#8243; text_font=&#8221;||||||||&#8221; text_font_size=&#8221;20px&#8221; text_line_height=&#8221;1.8em&#8221; header_font=&#8221;Lato|900|||||||&#8221; header_font_size=&#8221;82px&#8221; header_letter_spacing=&#8221;1px&#8221; header_line_height=&#8221;1.2em&#8221; header_4_font=&#8221;Raleway|||on|||||&#8221; header_4_font_size=&#8221;22px&#8221; header_4_letter_spacing=&#8221;4px&#8221; header_4_line_height=&#8221;1.6em&#8221; text_orientation=&#8221;center&#8221; background_layout=&#8221;dark&#8221; max_width=&#8221;800px&#8221; module_alignment=&#8221;center&#8221; text_font_size_tablet=&#8221;&#8221; text_font_size_phone=&#8221;14px&#8221; [&hellip;]<\/p>\n","protected":false},"author":1,"featured_media":0,"parent":0,"menu_order":0,"comment_status":"closed","ping_status":"closed","template":"","meta":{"_et_pb_use_builder":"on","_et_pb_old_content":"","_et_gb_content_width":"823","footnotes":""},"class_list":["post-18","page","type-page","status-publish","hentry"],"_links":{"self":[{"href":"https:\/\/mocny-umysl.pl\/index.php\/wp-json\/wp\/v2\/pages\/18","targetHints":{"allow":["GET"]}}],"collection":[{"href":"https:\/\/mocny-umysl.pl\/index.php\/wp-json\/wp\/v2\/pages"}],"about":[{"href":"https:\/\/mocny-umysl.pl\/index.php\/wp-json\/wp\/v2\/types\/page"}],"author":[{"embeddable":true,"href":"https:\/\/mocny-umysl.pl\/index.php\/wp-json\/wp\/v2\/users\/1"}],"replies":[{"embeddable":true,"href":"https:\/\/mocny-umysl.pl\/index.php\/wp-json\/wp\/v2\/comments?post=18"}],"version-history":[{"count":113,"href":"https:\/\/mocny-umysl.pl\/index.php\/wp-json\/wp\/v2\/pages\/18\/revisions"}],"predecessor-version":[{"id":293,"href":"https:\/\/mocny-umysl.pl\/index.php\/wp-json\/wp\/v2\/pages\/18\/revisions\/293"}],"wp:attachment":[{"href":"https:\/\/mocny-umysl.pl\/index.php\/wp-json\/wp\/v2\/media?parent=18"}],"curies":[{"name":"wp","href":"https:\/\/api.w.org\/{rel}","templated":true}]}}